{"id":1407,"date":"2017-05-12T12:35:27","date_gmt":"2017-05-12T12:35:27","guid":{"rendered":"http:\/\/ictsupergirls.lemax.net\/?page_id=1407\/"},"modified":"2018-04-23T11:47:38","modified_gmt":"2018-04-23T11:47:38","slug":"events","status":"publish","type":"page","link":"https:\/\/ictsupergirls.lemax.net\/en\/events\/","title":{"rendered":"Events"},"content":{"rendered":"<p><span style=\"font-weight: 400;\">The Lemax company organizes the international\u00a0<\/span><a href=\"http:\/\/www.itu.int\/girlsinict\"><span style=\"font-weight: 400;\">\u201eGirls in ICT Day\u201c\u00a0<\/span><\/a><span style=\"font-weight: 400;\">under the name<\/span><b>\u00a0\u201eICT Supergirls\u201c<\/b><span style=\"font-weight: 400;\">\u00a0which is traditionally celebrated in April, and so far over 240,000 girls and young women have taken part in more than 7,200 celebrations of International Girls in ICT Day in 160 countries worldwide.<\/span><\/p>\n<p><span style=\"font-weight: 400;\">The purpose of the event is to raise awareness of girls and young women about the opportunities in ICT, and to encourage them to consider their future career in the growing field of ICT.<\/span><\/p>\n<p><span style=\"font-weight: 400;\">The ICT Supergirls 2018 event will consist of a number of lectures and workshops presented by leading women of the Croatian ICT scene and female motivational speakers. They will share personal stories about their own career growth and the challenges they had successfully overcome in order to encourage girls to pursue a career in ICT, and to recognize the opportunities and challenges that lie within.<\/span><\/p>\n<p><span style=\"font-weight: 400;\">Sounds interesting?<\/span><\/p>\n<p><a href=\"https:\/\/ictsupergirls.lemax.net\/join-us-participant\/\"><img loading=\"lazy\" decoding=\"async\" class=\" wp-image-1593 aligncenter\" src=\"https:\/\/ictsupergirls.lemax.net\/wp-content\/uploads\/2018\/04\/2-1.png\" alt=\"\" width=\"126\" height=\"42\" srcset=\"https:\/\/ictsupergirls.lemax.net\/wp-content\/uploads\/2018\/04\/2-1.png 600w, https:\/\/ictsupergirls.lemax.net\/wp-content\/uploads\/2018\/04\/2-1-300x100.png 300w\" sizes=\"auto, (max-width: 126px) 100vw, 126px\" \/><\/a><\/p>\n<p style=\"text-align: center;\"><strong>Place: Technology Park Zagreb (TPZ), Zagreb Fair (pavilion 12, 1st floor)<br \/>\nTime: 25.04. od 12 do 18h<\/strong><\/p>\n<p><span style=\"font-weight: 400;\">If you still haven\u2019t decided which career to choose, come join our event and become inspired!<\/span><\/p>\n<p><span style=\"font-weight: 400;\">And if you want to be a part of our mentoring program\u00a0<\/span><a href=\"https:\/\/ictsupergirls.lemax.net\/mentorship\/\"><span style=\"font-weight: 400;\">\u201cYou can do\u00a0<\/span><b>IT<\/b><\/a><span style=\"font-weight: 400;\">\u201d please send us a short motivation letter (250 \u2013 300 words) to <\/span><a href=\"mailto:ictsupergirls@lemax.net\"><span style=\"font-weight: 400;\">ictsupergirls@lemax.net<\/span><\/a><span style=\"font-weight: 400;\">.<\/span><\/p>\n<p><span style=\"font-weight: 400;\">Or become a presenter and share your journey from scratch to success and your experiences from the ICT sector.Do you like our story? Come and support our event as a sponsor!<\/span><\/p>\n<p>&nbsp;<\/p>\n<p><strong>AGENDA<\/strong><\/p>\n<p>11:30 &#8211; 12:00 Registration<br \/>\n12:00 &#8211; 12:20 Opening<br \/>\n12:20 &#8211; 12: 35 Joned activity<\/p>\n<p><strong>FIRST SET<\/strong><br \/>\n12:40 &#8211; 13:00 Danijela Po\u0161ti\u0107, Lemax<br \/>\n13:00 &#8211; 13:20 Ana Vukovi\u0107, Lemax<br \/>\n13:20 &#8211; 13:40 Gorana Lamba\u0161a, Lemax<br \/>\n13:40 &#8211; 14:00 Gordana Seni\u010di\u0107 Han\u017eek, Lemax<br \/>\n14:00 &#8211; 14:20 Networking<\/p>\n<p><strong>BREAK UNTIL 14:40<\/strong><\/p>\n<p><strong>SECOND SET<\/strong><br \/>\n14:40 &#8211; 15:00 Kata Bari\u0161i\u0107<br \/>\n15:00- 15:20 Ivana Mati\u0107<br \/>\n15:20 &#8211; 15:40 Maja Blumen\u0161ajn<br \/>\n15:40 &#8211; 16:00 \u0110ur\u0111ica Orepi\u0107<\/p>\n<p><strong>BREAK UNTIL 16:20<\/strong><\/p>\n<p>16:30 &#8211; 16:45 Prize game<br \/>\n16:45 &#8211; 17:15 Stand up comedy with Marina Orsag<br \/>\n17:15 &#8211; 18:00 Casual networking<\/p>\n","protected":false},"excerpt":{"rendered":"<p>The Lemax company organizes the international\u00a0\u201eGirls in ICT Day\u201c\u00a0under the name\u00a0\u201eICT Supergirls\u201c\u00a0which is traditionally celebrated in April, and so far&hellip; <\/p>\n","protected":false},"author":1,"featured_media":0,"parent":0,"menu_order":0,"comment_status":"closed","ping_status":"closed","template":"","meta":{"footnotes":""},"categories":[],"class_list":["post-1407","page","type-page","status-publish","hentry"],"yoast_head":"<!-- This site is optimized with the Yoast SEO plugin v27.2 - https:\/\/yoast.com\/product\/yoast-seo-wordpress\/ -->\r\n<title>Events - ICT Supergirls<\/title>\r\n<meta name=\"robots\" content=\"index, follow, max-snippet:-1, max-image-preview:large, max-video-preview:-1\" \/>\r\n<link rel=\"canonical\" href=\"https:\/\/ictsupergirls.lemax.net\/en\/events\/\" \/>\r\n<meta property=\"og:locale\" content=\"en_US\" \/>\r\n<meta property=\"og:type\" content=\"article\" \/>\r\n<meta property=\"og:title\" content=\"Events - ICT Supergirls\" \/>\r\n<meta property=\"og:description\" content=\"The Lemax company organizes the international\u00a0\u201eGirls in ICT Day\u201c\u00a0under the name\u00a0\u201eICT Supergirls\u201c\u00a0which is traditionally celebrated in April, and so far&hellip;\" \/>\r\n<meta property=\"og:url\" content=\"https:\/\/ictsupergirls.lemax.net\/en\/events\/\" \/>\r\n<meta property=\"og:site_name\" content=\"ICT Supergirls\" \/>\r\n<meta property=\"article:publisher\" content=\"https:\/\/www.facebook.com\/itravelsoftware\/\" \/>\r\n<meta property=\"article:modified_time\" content=\"2018-04-23T11:47:38+00:00\" \/>\r\n<meta property=\"og:image\" content=\"https:\/\/ictsupergirls.lemax.net\/wp-content\/uploads\/2018\/04\/2-1.png\" \/>\r\n<meta name=\"twitter:card\" content=\"summary_large_image\" \/>\r\n<meta name=\"twitter:label1\" content=\"Est. reading time\" \/>\n\t<meta name=\"twitter:data1\" content=\"2 minutes\" \/>\r\n<script type=\"application\/ld+json\" class=\"yoast-schema-graph\">{\"@context\":\"https:\/\/schema.org\",\"@graph\":[{\"@type\":\"WebPage\",\"@id\":\"https:\/\/ictsupergirls.lemax.net\/en\/events\/\",\"url\":\"https:\/\/ictsupergirls.lemax.net\/en\/events\/\",\"name\":\"Events - ICT Supergirls\",\"isPartOf\":{\"@id\":\"https:\/\/ictsupergirls.lemax.net\/en\/#website\"},\"primaryImageOfPage\":{\"@id\":\"https:\/\/ictsupergirls.lemax.net\/en\/events\/#primaryimage\"},\"image\":{\"@id\":\"https:\/\/ictsupergirls.lemax.net\/en\/events\/#primaryimage\"},\"thumbnailUrl\":\"https:\/\/ictsupergirls.lemax.net\/wp-content\/uploads\/2018\/04\/2-1.png\",\"datePublished\":\"2017-05-12T12:35:27+00:00\",\"dateModified\":\"2018-04-23T11:47:38+00:00\",\"breadcrumb\":{\"@id\":\"https:\/\/ictsupergirls.lemax.net\/en\/events\/#breadcrumb\"},\"inLanguage\":\"en-US\",\"potentialAction\":[{\"@type\":\"ReadAction\",\"target\":[\"https:\/\/ictsupergirls.lemax.net\/en\/events\/\"]}]},{\"@type\":\"ImageObject\",\"inLanguage\":\"en-US\",\"@id\":\"https:\/\/ictsupergirls.lemax.net\/en\/events\/#primaryimage\",\"url\":\"https:\/\/ictsupergirls.lemax.net\/wp-content\/uploads\/2018\/04\/2-1.png\",\"contentUrl\":\"https:\/\/ictsupergirls.lemax.net\/wp-content\/uploads\/2018\/04\/2-1.png\"},{\"@type\":\"BreadcrumbList\",\"@id\":\"https:\/\/ictsupergirls.lemax.net\/en\/events\/#breadcrumb\",\"itemListElement\":[{\"@type\":\"ListItem\",\"position\":1,\"name\":\"Home\",\"item\":\"https:\/\/ictsupergirls.lemax.net\/en\/\"},{\"@type\":\"ListItem\",\"position\":2,\"name\":\"Events\"}]},{\"@type\":\"WebSite\",\"@id\":\"https:\/\/ictsupergirls.lemax.net\/en\/#website\",\"url\":\"https:\/\/ictsupergirls.lemax.net\/en\/\",\"name\":\"ICT Supergirls\",\"description\":\"You can do IT\",\"publisher\":{\"@id\":\"https:\/\/ictsupergirls.lemax.net\/en\/#organization\"},\"potentialAction\":[{\"@type\":\"SearchAction\",\"target\":{\"@type\":\"EntryPoint\",\"urlTemplate\":\"https:\/\/ictsupergirls.lemax.net\/en\/?s={search_term_string}\"},\"query-input\":{\"@type\":\"PropertyValueSpecification\",\"valueRequired\":true,\"valueName\":\"search_term_string\"}}],\"inLanguage\":\"en-US\"},{\"@type\":\"Organization\",\"@id\":\"https:\/\/ictsupergirls.lemax.net\/en\/#organization\",\"name\":\"Lemax d.o.o.\",\"url\":\"https:\/\/ictsupergirls.lemax.net\/en\/\",\"logo\":{\"@type\":\"ImageObject\",\"inLanguage\":\"en-US\",\"@id\":\"https:\/\/ictsupergirls.lemax.net\/en\/#\/schema\/logo\/image\/\",\"url\":\"https:\/\/ictsupergirls.lemax.net\/wp-content\/uploads\/2017\/02\/logo.png\",\"contentUrl\":\"https:\/\/ictsupergirls.lemax.net\/wp-content\/uploads\/2017\/02\/logo.png\",\"width\":80,\"height\":65,\"caption\":\"Lemax d.o.o.\"},\"image\":{\"@id\":\"https:\/\/ictsupergirls.lemax.net\/en\/#\/schema\/logo\/image\/\"},\"sameAs\":[\"https:\/\/www.facebook.com\/itravelsoftware\/\",\"https:\/\/www.linkedin.com\/company\/lemax\"]}]}<\/script>\r\n<!-- \/ Yoast SEO plugin. -->","yoast_head_json":{"title":"Events - ICT Supergirls","robots":{"index":"index","follow":"follow","max-snippet":"max-snippet:-1","max-image-preview":"max-image-preview:large","max-video-preview":"max-video-preview:-1"},"canonical":"https:\/\/ictsupergirls.lemax.net\/en\/events\/","og_locale":"en_US","og_type":"article","og_title":"Events - ICT Supergirls","og_description":"The Lemax company organizes the international\u00a0\u201eGirls in ICT Day\u201c\u00a0under the name\u00a0\u201eICT Supergirls\u201c\u00a0which is traditionally celebrated in April, and so far&hellip;","og_url":"https:\/\/ictsupergirls.lemax.net\/en\/events\/","og_site_name":"ICT Supergirls","article_publisher":"https:\/\/www.facebook.com\/itravelsoftware\/","article_modified_time":"2018-04-23T11:47:38+00:00","og_image":[{"url":"https:\/\/ictsupergirls.lemax.net\/wp-content\/uploads\/2018\/04\/2-1.png","type":"","width":"","height":""}],"twitter_card":"summary_large_image","twitter_misc":{"Est. reading time":"2 minutes"},"schema":{"@context":"https:\/\/schema.org","@graph":[{"@type":"WebPage","@id":"https:\/\/ictsupergirls.lemax.net\/en\/events\/","url":"https:\/\/ictsupergirls.lemax.net\/en\/events\/","name":"Events - ICT Supergirls","isPartOf":{"@id":"https:\/\/ictsupergirls.lemax.net\/en\/#website"},"primaryImageOfPage":{"@id":"https:\/\/ictsupergirls.lemax.net\/en\/events\/#primaryimage"},"image":{"@id":"https:\/\/ictsupergirls.lemax.net\/en\/events\/#primaryimage"},"thumbnailUrl":"https:\/\/ictsupergirls.lemax.net\/wp-content\/uploads\/2018\/04\/2-1.png","datePublished":"2017-05-12T12:35:27+00:00","dateModified":"2018-04-23T11:47:38+00:00","breadcrumb":{"@id":"https:\/\/ictsupergirls.lemax.net\/en\/events\/#breadcrumb"},"inLanguage":"en-US","potentialAction":[{"@type":"ReadAction","target":["https:\/\/ictsupergirls.lemax.net\/en\/events\/"]}]},{"@type":"ImageObject","inLanguage":"en-US","@id":"https:\/\/ictsupergirls.lemax.net\/en\/events\/#primaryimage","url":"https:\/\/ictsupergirls.lemax.net\/wp-content\/uploads\/2018\/04\/2-1.png","contentUrl":"https:\/\/ictsupergirls.lemax.net\/wp-content\/uploads\/2018\/04\/2-1.png"},{"@type":"BreadcrumbList","@id":"https:\/\/ictsupergirls.lemax.net\/en\/events\/#breadcrumb","itemListElement":[{"@type":"ListItem","position":1,"name":"Home","item":"https:\/\/ictsupergirls.lemax.net\/en\/"},{"@type":"ListItem","position":2,"name":"Events"}]},{"@type":"WebSite","@id":"https:\/\/ictsupergirls.lemax.net\/en\/#website","url":"https:\/\/ictsupergirls.lemax.net\/en\/","name":"ICT Supergirls","description":"You can do IT","publisher":{"@id":"https:\/\/ictsupergirls.lemax.net\/en\/#organization"},"potentialAction":[{"@type":"SearchAction","target":{"@type":"EntryPoint","urlTemplate":"https:\/\/ictsupergirls.lemax.net\/en\/?s={search_term_string}"},"query-input":{"@type":"PropertyValueSpecification","valueRequired":true,"valueName":"search_term_string"}}],"inLanguage":"en-US"},{"@type":"Organization","@id":"https:\/\/ictsupergirls.lemax.net\/en\/#organization","name":"Lemax d.o.o.","url":"https:\/\/ictsupergirls.lemax.net\/en\/","logo":{"@type":"ImageObject","inLanguage":"en-US","@id":"https:\/\/ictsupergirls.lemax.net\/en\/#\/schema\/logo\/image\/","url":"https:\/\/ictsupergirls.lemax.net\/wp-content\/uploads\/2017\/02\/logo.png","contentUrl":"https:\/\/ictsupergirls.lemax.net\/wp-content\/uploads\/2017\/02\/logo.png","width":80,"height":65,"caption":"Lemax d.o.o."},"image":{"@id":"https:\/\/ictsupergirls.lemax.net\/en\/#\/schema\/logo\/image\/"},"sameAs":["https:\/\/www.facebook.com\/itravelsoftware\/","https:\/\/www.linkedin.com\/company\/lemax"]}]}},"_links":{"self":[{"href":"https:\/\/ictsupergirls.lemax.net\/en\/wp-json\/wp\/v2\/pages\/1407","targetHints":{"allow":["GET"]}}],"collection":[{"href":"https:\/\/ictsupergirls.lemax.net\/en\/wp-json\/wp\/v2\/pages"}],"about":[{"href":"https:\/\/ictsupergirls.lemax.net\/en\/wp-json\/wp\/v2\/types\/page"}],"author":[{"embeddable":true,"href":"https:\/\/ictsupergirls.lemax.net\/en\/wp-json\/wp\/v2\/users\/1"}],"replies":[{"embeddable":true,"href":"https:\/\/ictsupergirls.lemax.net\/en\/wp-json\/wp\/v2\/comments?post=1407"}],"version-history":[{"count":7,"href":"https:\/\/ictsupergirls.lemax.net\/en\/wp-json\/wp\/v2\/pages\/1407\/revisions"}],"predecessor-version":[{"id":1773,"href":"https:\/\/ictsupergirls.lemax.net\/en\/wp-json\/wp\/v2\/pages\/1407\/revisions\/1773"}],"wp:attachment":[{"href":"https:\/\/ictsupergirls.lemax.net\/en\/wp-json\/wp\/v2\/media?parent=1407"}],"wp:term":[{"taxonomy":"category","embeddable":true,"href":"https:\/\/ictsupergirls.lemax.net\/en\/wp-json\/wp\/v2\/categories?post=1407"}],"curies":[{"name":"wp","href":"https:\/\/api.w.org\/{rel}","templated":true}]}}