{"id":386,"date":"2017-02-20T10:01:13","date_gmt":"2017-02-20T10:01:13","guid":{"rendered":"http:\/\/ictsupergirls.lemax.net\/?page_id=386\/"},"modified":"2017-05-05T10:42:09","modified_gmt":"2017-05-05T10:42:09","slug":"ict-2016","status":"publish","type":"page","link":"https:\/\/ictsupergirls.lemax.net\/en\/ict-2016\/","title":{"rendered":"ICT Supergirls 2016"},"content":{"rendered":"<p><img loading=\"lazy\" decoding=\"async\" src=\"https:\/\/ictsupergirls.lemax.net\/wp-content\/uploads\/2017\/03\/tester-2016.png\" alt=\"\" width=\"525\" height=\"346\" class=\"alignnone size-full wp-image-1093\" srcset=\"https:\/\/ictsupergirls.lemax.net\/wp-content\/uploads\/2017\/03\/tester-2016.png 525w, https:\/\/ictsupergirls.lemax.net\/wp-content\/uploads\/2017\/03\/tester-2016-300x198.png 300w\" sizes=\"auto, (max-width: 525px) 100vw, 525px\" \/><b><\/p>\n<p>Zagreb, Croatia, 2016, April 27<\/b><\/p>\n<p>For the second time ever in Croatia, Lemax (<a href=\"http:\/\/www.Lemaxsoftware.com\/\">Lemax software<\/a>) organized the <a href=\"http:\/\/www.itu.int\/girlsinict\">Girls in ICT Day<\/a> under the name <strong>&#8220;ICT Supergirls 2016&#8221;.<\/strong> Students from local universities and schools participated in this unique experience. The goal was to motivate the younger female population to imagine their future in technology, and <strong>support the education of women and girls in the ICT sector.<\/strong><\/p>\n<p><strong>\u00a0<\/strong>The Day consisted of 3 parts:<\/p>\n<p><strong>1st part<\/strong>: Fun and instructive &#8220;Open Day&#8221; time at Lemax where students saw all departments and employees, asked questions and were able to get a glimpse of the company&#8217;s working culture. Our colleagues from different departments also held presentations, explaining their departments and work obligations.<\/p>\n<p><strong>2nd part<\/strong>: Presentations by guest speakers from among the leading Croatian women entrepreneurs and women role models in the local ICT sector <strong>&#8211; \u00a0Antonija Bili\u0107 Arar<\/strong> (BlaBlaCar Hrvatska), <strong>\u017deljka Ti\u010di\u0107<\/strong> (IBM), <strong>Maja Bili\u0107<\/strong> (Google), and <strong>Vedrana Miholi\u0107<\/strong> (CROZ). They all have different educational background but work in the same sector &#8211; information and communication technologies.<\/p>\n<p><strong>3rd part<\/strong>: An award winning contest where students tested their knowledge in IT. The beautiful prize was provided by Tester Box &#8211; first Croatian beauty box.<\/p>\n<p>The atmosphere during the presentation was very positive, and young girls who attended the event actively participated by asking questions.<\/p>\n<p>Between all events, the students had time for a snack and coffee as well as spend time with the Lemax team, playing ping-pong, table football and much more.<\/p>\n<p>Check out on <a href=\"https:\/\/www.facebook.com\/events\/1582052025439686\">https:\/\/www.facebook.com\/events\/1582052025439686<\/a><\/p>\n<p><img loading=\"lazy\" decoding=\"async\" class=\"alignnone size-full wp-image-497\" src=\"https:\/\/ictsupergirls.lemax.net\/wp-content\/uploads\/2017\/02\/ICTsupergirls2016_grupna.jpg\" alt=\"\" width=\"644\" height=\"530\" srcset=\"https:\/\/ictsupergirls.lemax.net\/wp-content\/uploads\/2017\/02\/ICTsupergirls2016_grupna.jpg 644w, https:\/\/ictsupergirls.lemax.net\/wp-content\/uploads\/2017\/02\/ICTsupergirls2016_grupna-300x247.jpg 300w\" sizes=\"auto, (max-width: 644px) 100vw, 644px\" \/><\/p>\n","protected":false},"excerpt":{"rendered":"<p>Zagreb, Croatia, 2016, April 27 For the second time ever in Croatia, Lemax (Lemax software) organized the Girls in ICT&hellip; <\/p>\n","protected":false},"author":1,"featured_media":497,"parent":0,"menu_order":0,"comment_status":"closed","ping_status":"closed","template":"","meta":{"footnotes":""},"categories":[],"class_list":["post-386","page","type-page","status-publish","has-post-thumbnail","hentry"],"yoast_head":"<!-- This site is optimized with the Yoast SEO plugin v27.4 - https:\/\/yoast.com\/product\/yoast-seo-wordpress\/ -->\r\n<title>ICT Supergirls 2016 - ICT Supergirls<\/title>\r\n<meta name=\"robots\" content=\"index, follow, max-snippet:-1, max-image-preview:large, max-video-preview:-1\" \/>\r\n<link rel=\"canonical\" href=\"https:\/\/ictsupergirls.lemax.net\/en\/ict-2016\/\" \/>\r\n<meta property=\"og:locale\" content=\"en_US\" \/>\r\n<meta property=\"og:type\" content=\"article\" \/>\r\n<meta property=\"og:title\" content=\"ICT Supergirls 2016 - ICT Supergirls\" \/>\r\n<meta property=\"og:description\" content=\"Zagreb, Croatia, 2016, April 27 For the second time ever in Croatia, Lemax (Lemax software) organized the Girls in ICT&hellip;\" \/>\r\n<meta property=\"og:url\" content=\"https:\/\/ictsupergirls.lemax.net\/en\/ict-2016\/\" \/>\r\n<meta property=\"og:site_name\" content=\"ICT Supergirls\" \/>\r\n<meta property=\"article:publisher\" content=\"https:\/\/www.facebook.com\/itravelsoftware\/\" \/>\r\n<meta property=\"article:modified_time\" content=\"2017-05-05T10:42:09+00:00\" \/>\r\n<meta property=\"og:image\" content=\"https:\/\/ictsupergirls.lemax.net\/wp-content\/uploads\/2017\/02\/ICTsupergirls2016_grupna.jpg\" \/>\r\n\t<meta property=\"og:image:width\" content=\"644\" \/>\r\n\t<meta property=\"og:image:height\" content=\"530\" \/>\r\n\t<meta property=\"og:image:type\" content=\"image\/jpeg\" \/>\r\n<meta name=\"twitter:card\" content=\"summary_large_image\" \/>\r\n<meta name=\"twitter:label1\" content=\"Est. reading time\" \/>\n\t<meta name=\"twitter:data1\" content=\"1 minute\" \/>\r\n<script type=\"application\/ld+json\" class=\"yoast-schema-graph\">{\"@context\":\"https:\\\/\\\/schema.org\",\"@graph\":[{\"@type\":\"WebPage\",\"@id\":\"https:\\\/\\\/ictsupergirls.lemax.net\\\/en\\\/ict-2016\\\/\",\"url\":\"https:\\\/\\\/ictsupergirls.lemax.net\\\/en\\\/ict-2016\\\/\",\"name\":\"ICT Supergirls 2016 - ICT Supergirls\",\"isPartOf\":{\"@id\":\"https:\\\/\\\/ictsupergirls.lemax.net\\\/en\\\/#website\"},\"primaryImageOfPage\":{\"@id\":\"https:\\\/\\\/ictsupergirls.lemax.net\\\/en\\\/ict-2016\\\/#primaryimage\"},\"image\":{\"@id\":\"https:\\\/\\\/ictsupergirls.lemax.net\\\/en\\\/ict-2016\\\/#primaryimage\"},\"thumbnailUrl\":\"https:\\\/\\\/ictsupergirls.lemax.net\\\/wp-content\\\/uploads\\\/2017\\\/02\\\/ICTsupergirls2016_grupna.jpg\",\"datePublished\":\"2017-02-20T10:01:13+00:00\",\"dateModified\":\"2017-05-05T10:42:09+00:00\",\"breadcrumb\":{\"@id\":\"https:\\\/\\\/ictsupergirls.lemax.net\\\/en\\\/ict-2016\\\/#breadcrumb\"},\"inLanguage\":\"en-US\",\"potentialAction\":[{\"@type\":\"ReadAction\",\"target\":[\"https:\\\/\\\/ictsupergirls.lemax.net\\\/en\\\/ict-2016\\\/\"]}]},{\"@type\":\"ImageObject\",\"inLanguage\":\"en-US\",\"@id\":\"https:\\\/\\\/ictsupergirls.lemax.net\\\/en\\\/ict-2016\\\/#primaryimage\",\"url\":\"https:\\\/\\\/ictsupergirls.lemax.net\\\/wp-content\\\/uploads\\\/2017\\\/02\\\/ICTsupergirls2016_grupna.jpg\",\"contentUrl\":\"https:\\\/\\\/ictsupergirls.lemax.net\\\/wp-content\\\/uploads\\\/2017\\\/02\\\/ICTsupergirls2016_grupna.jpg\",\"width\":644,\"height\":530},{\"@type\":\"BreadcrumbList\",\"@id\":\"https:\\\/\\\/ictsupergirls.lemax.net\\\/en\\\/ict-2016\\\/#breadcrumb\",\"itemListElement\":[{\"@type\":\"ListItem\",\"position\":1,\"name\":\"Home\",\"item\":\"https:\\\/\\\/ictsupergirls.lemax.net\\\/en\\\/\"},{\"@type\":\"ListItem\",\"position\":2,\"name\":\"ICT Supergirls 2016\"}]},{\"@type\":\"WebSite\",\"@id\":\"https:\\\/\\\/ictsupergirls.lemax.net\\\/en\\\/#website\",\"url\":\"https:\\\/\\\/ictsupergirls.lemax.net\\\/en\\\/\",\"name\":\"ICT Supergirls\",\"description\":\"You can do IT\",\"publisher\":{\"@id\":\"https:\\\/\\\/ictsupergirls.lemax.net\\\/en\\\/#organization\"},\"potentialAction\":[{\"@type\":\"SearchAction\",\"target\":{\"@type\":\"EntryPoint\",\"urlTemplate\":\"https:\\\/\\\/ictsupergirls.lemax.net\\\/en\\\/?s={search_term_string}\"},\"query-input\":{\"@type\":\"PropertyValueSpecification\",\"valueRequired\":true,\"valueName\":\"search_term_string\"}}],\"inLanguage\":\"en-US\"},{\"@type\":\"Organization\",\"@id\":\"https:\\\/\\\/ictsupergirls.lemax.net\\\/en\\\/#organization\",\"name\":\"Lemax d.o.o.\",\"url\":\"https:\\\/\\\/ictsupergirls.lemax.net\\\/en\\\/\",\"logo\":{\"@type\":\"ImageObject\",\"inLanguage\":\"en-US\",\"@id\":\"https:\\\/\\\/ictsupergirls.lemax.net\\\/en\\\/#\\\/schema\\\/logo\\\/image\\\/\",\"url\":\"https:\\\/\\\/ictsupergirls.lemax.net\\\/wp-content\\\/uploads\\\/2017\\\/02\\\/logo.png\",\"contentUrl\":\"https:\\\/\\\/ictsupergirls.lemax.net\\\/wp-content\\\/uploads\\\/2017\\\/02\\\/logo.png\",\"width\":80,\"height\":65,\"caption\":\"Lemax d.o.o.\"},\"image\":{\"@id\":\"https:\\\/\\\/ictsupergirls.lemax.net\\\/en\\\/#\\\/schema\\\/logo\\\/image\\\/\"},\"sameAs\":[\"https:\\\/\\\/www.facebook.com\\\/itravelsoftware\\\/\",\"https:\\\/\\\/www.linkedin.com\\\/company\\\/lemax\"]}]}<\/script>\r\n<!-- \/ Yoast SEO plugin. -->","yoast_head_json":{"title":"ICT Supergirls 2016 - ICT Supergirls","robots":{"index":"index","follow":"follow","max-snippet":"max-snippet:-1","max-image-preview":"max-image-preview:large","max-video-preview":"max-video-preview:-1"},"canonical":"https:\/\/ictsupergirls.lemax.net\/en\/ict-2016\/","og_locale":"en_US","og_type":"article","og_title":"ICT Supergirls 2016 - ICT Supergirls","og_description":"Zagreb, Croatia, 2016, April 27 For the second time ever in Croatia, Lemax (Lemax software) organized the Girls in ICT&hellip;","og_url":"https:\/\/ictsupergirls.lemax.net\/en\/ict-2016\/","og_site_name":"ICT Supergirls","article_publisher":"https:\/\/www.facebook.com\/itravelsoftware\/","article_modified_time":"2017-05-05T10:42:09+00:00","og_image":[{"width":644,"height":530,"url":"https:\/\/ictsupergirls.lemax.net\/wp-content\/uploads\/2017\/02\/ICTsupergirls2016_grupna.jpg","type":"image\/jpeg"}],"twitter_card":"summary_large_image","twitter_misc":{"Est. reading time":"1 minute"},"schema":{"@context":"https:\/\/schema.org","@graph":[{"@type":"WebPage","@id":"https:\/\/ictsupergirls.lemax.net\/en\/ict-2016\/","url":"https:\/\/ictsupergirls.lemax.net\/en\/ict-2016\/","name":"ICT Supergirls 2016 - ICT Supergirls","isPartOf":{"@id":"https:\/\/ictsupergirls.lemax.net\/en\/#website"},"primaryImageOfPage":{"@id":"https:\/\/ictsupergirls.lemax.net\/en\/ict-2016\/#primaryimage"},"image":{"@id":"https:\/\/ictsupergirls.lemax.net\/en\/ict-2016\/#primaryimage"},"thumbnailUrl":"https:\/\/ictsupergirls.lemax.net\/wp-content\/uploads\/2017\/02\/ICTsupergirls2016_grupna.jpg","datePublished":"2017-02-20T10:01:13+00:00","dateModified":"2017-05-05T10:42:09+00:00","breadcrumb":{"@id":"https:\/\/ictsupergirls.lemax.net\/en\/ict-2016\/#breadcrumb"},"inLanguage":"en-US","potentialAction":[{"@type":"ReadAction","target":["https:\/\/ictsupergirls.lemax.net\/en\/ict-2016\/"]}]},{"@type":"ImageObject","inLanguage":"en-US","@id":"https:\/\/ictsupergirls.lemax.net\/en\/ict-2016\/#primaryimage","url":"https:\/\/ictsupergirls.lemax.net\/wp-content\/uploads\/2017\/02\/ICTsupergirls2016_grupna.jpg","contentUrl":"https:\/\/ictsupergirls.lemax.net\/wp-content\/uploads\/2017\/02\/ICTsupergirls2016_grupna.jpg","width":644,"height":530},{"@type":"BreadcrumbList","@id":"https:\/\/ictsupergirls.lemax.net\/en\/ict-2016\/#breadcrumb","itemListElement":[{"@type":"ListItem","position":1,"name":"Home","item":"https:\/\/ictsupergirls.lemax.net\/en\/"},{"@type":"ListItem","position":2,"name":"ICT Supergirls 2016"}]},{"@type":"WebSite","@id":"https:\/\/ictsupergirls.lemax.net\/en\/#website","url":"https:\/\/ictsupergirls.lemax.net\/en\/","name":"ICT Supergirls","description":"You can do IT","publisher":{"@id":"https:\/\/ictsupergirls.lemax.net\/en\/#organization"},"potentialAction":[{"@type":"SearchAction","target":{"@type":"EntryPoint","urlTemplate":"https:\/\/ictsupergirls.lemax.net\/en\/?s={search_term_string}"},"query-input":{"@type":"PropertyValueSpecification","valueRequired":true,"valueName":"search_term_string"}}],"inLanguage":"en-US"},{"@type":"Organization","@id":"https:\/\/ictsupergirls.lemax.net\/en\/#organization","name":"Lemax d.o.o.","url":"https:\/\/ictsupergirls.lemax.net\/en\/","logo":{"@type":"ImageObject","inLanguage":"en-US","@id":"https:\/\/ictsupergirls.lemax.net\/en\/#\/schema\/logo\/image\/","url":"https:\/\/ictsupergirls.lemax.net\/wp-content\/uploads\/2017\/02\/logo.png","contentUrl":"https:\/\/ictsupergirls.lemax.net\/wp-content\/uploads\/2017\/02\/logo.png","width":80,"height":65,"caption":"Lemax d.o.o."},"image":{"@id":"https:\/\/ictsupergirls.lemax.net\/en\/#\/schema\/logo\/image\/"},"sameAs":["https:\/\/www.facebook.com\/itravelsoftware\/","https:\/\/www.linkedin.com\/company\/lemax"]}]}},"_links":{"self":[{"href":"https:\/\/ictsupergirls.lemax.net\/en\/wp-json\/wp\/v2\/pages\/386","targetHints":{"allow":["GET"]}}],"collection":[{"href":"https:\/\/ictsupergirls.lemax.net\/en\/wp-json\/wp\/v2\/pages"}],"about":[{"href":"https:\/\/ictsupergirls.lemax.net\/en\/wp-json\/wp\/v2\/types\/page"}],"author":[{"embeddable":true,"href":"https:\/\/ictsupergirls.lemax.net\/en\/wp-json\/wp\/v2\/users\/1"}],"replies":[{"embeddable":true,"href":"https:\/\/ictsupergirls.lemax.net\/en\/wp-json\/wp\/v2\/comments?post=386"}],"version-history":[{"count":19,"href":"https:\/\/ictsupergirls.lemax.net\/en\/wp-json\/wp\/v2\/pages\/386\/revisions"}],"predecessor-version":[{"id":1221,"href":"https:\/\/ictsupergirls.lemax.net\/en\/wp-json\/wp\/v2\/pages\/386\/revisions\/1221"}],"wp:featuredmedia":[{"embeddable":true,"href":"https:\/\/ictsupergirls.lemax.net\/en\/wp-json\/wp\/v2\/media\/497"}],"wp:attachment":[{"href":"https:\/\/ictsupergirls.lemax.net\/en\/wp-json\/wp\/v2\/media?parent=386"}],"wp:term":[{"taxonomy":"category","embeddable":true,"href":"https:\/\/ictsupergirls.lemax.net\/en\/wp-json\/wp\/v2\/categories?post=386"}],"curies":[{"name":"wp","href":"https:\/\/api.w.org\/{rel}","templated":true}]}}